{"id":1955,"date":"2015-06-16T09:57:37","date_gmt":"2015-06-16T09:57:37","guid":{"rendered":"http:\/\/ak47design.com\/?page_id=1955"},"modified":"2025-10-24T15:21:42","modified_gmt":"2025-10-24T15:21:42","slug":"home-2","status":"publish","type":"page","link":"https:\/\/ak47design.com\/it\/home-2\/","title":{"rendered":"Home"},"content":{"rendered":"<p>Ak47 Design \u00e8 l\u2019azienda di riferimento per chi cerca il meglio dei bracieri da esterno, complementi d\u2019arredo da giardino che rappresentano la sintesi perfetta tra utilit\u00e0 e design &#8220;Made in Italy&#8221;. Una realt\u00e0 oggi apprezzata dagli amanti dello stile di tutto il mondo, sensibili al compiuto connubio tra semplicit\u00e0 e valore, rappresentato dall\u2019aggregazione di menti e corpi che si radunano attorno ad un fuoco crepitante, caldo e consolante.<br \/>\nBracieri che si adattano ad ogni spazio esterno, entrando in sintonia con l&#8217;ambiente ospitante e concretizzando l&#8217;idea di focolare come fonte di serenit\u00e0 quotidiana e antico riparo.<\/p>\n","protected":false},"excerpt":{"rendered":"<p>Ak47 Design \u00e8 l\u2019azienda di riferimento per chi cerca il meglio dei bracieri da esterno, complementi d\u2019arredo da giardino che rappresentano la sintesi perfetta tra utilit\u00e0 e design &#8220;Made in Italy&#8221;. Una realt\u00e0 oggi apprezzata dagli amanti dello stile di tutto il mondo, sensibili al compiuto connubio tra semplicit\u00e0 e valore, rappresentato dall\u2019aggregazione di menti [&hellip;]<\/p>\n","protected":false},"author":2,"featured_media":0,"parent":0,"menu_order":0,"comment_status":"open","ping_status":"open","template":"home.php","meta":{"_acf_changed":false,"footnotes":""},"class_list":["post-1955","page","type-page","status-publish","hentry"],"acf":[],"yoast_head":"<!-- This site is optimized with the Yoast SEO plugin v27.6 - https:\/\/yoast.com\/product\/yoast-seo-wordpress\/ -->\n<title>Bracieri per esterno \u2013 Arredi contemporanei Made in Italy<\/title>\n<meta name=\"description\" content=\"Ak47 Design \u00e8 l&#039;azienda di riferimento per chi cerca il meglio dei bracieri da esterno design made in Italy.\" \/>\n<meta name=\"robots\" content=\"index, follow, max-snippet:-1, max-image-preview:large, max-video-preview:-1\" \/>\n<link rel=\"canonical\" href=\"https:\/\/ak47design.com\/it\/home-2\/\" \/>\n<meta property=\"og:locale\" content=\"it_IT\" \/>\n<meta property=\"og:type\" content=\"article\" \/>\n<meta property=\"og:title\" content=\"Bracieri per esterno \u2013 Arredi contemporanei Made in Italy\" \/>\n<meta property=\"og:description\" content=\"Ak47 Design \u00e8 l&#039;azienda di riferimento per chi cerca il meglio dei bracieri da esterno design made in Italy.\" \/>\n<meta property=\"og:url\" content=\"https:\/\/ak47design.com\/it\/home-2\/\" \/>\n<meta property=\"og:site_name\" content=\"Ak47 Design\" \/>\n<meta property=\"article:modified_time\" content=\"2025-10-24T15:21:42+00:00\" \/>\n<meta name=\"twitter:label1\" content=\"Est. reading time\" \/>\n\t<meta name=\"twitter:data1\" content=\"1 minute\" \/>\n<script type=\"application\/ld+json\" class=\"yoast-schema-graph\">{\"@context\":\"https:\\\/\\\/schema.org\",\"@graph\":[{\"@type\":\"WebPage\",\"@id\":\"https:\\\/\\\/ak47design.com\\\/it\\\/home-2\\\/\",\"url\":\"https:\\\/\\\/ak47design.com\\\/it\\\/home-2\\\/\",\"name\":\"Bracieri per esterno \u2013 Arredi contemporanei Made in Italy\",\"isPartOf\":{\"@id\":\"https:\\\/\\\/ak47design.com\\\/#website\"},\"datePublished\":\"2015-06-16T09:57:37+00:00\",\"dateModified\":\"2025-10-24T15:21:42+00:00\",\"description\":\"Ak47 Design \u00e8 l'azienda di riferimento per chi cerca il meglio dei bracieri da esterno design made in Italy.\",\"breadcrumb\":{\"@id\":\"https:\\\/\\\/ak47design.com\\\/it\\\/home-2\\\/#breadcrumb\"},\"inLanguage\":\"it-IT\",\"potentialAction\":[{\"@type\":\"ReadAction\",\"target\":[\"https:\\\/\\\/ak47design.com\\\/it\\\/home-2\\\/\"]}]},{\"@type\":\"BreadcrumbList\",\"@id\":\"https:\\\/\\\/ak47design.com\\\/it\\\/home-2\\\/#breadcrumb\",\"itemListElement\":[{\"@type\":\"ListItem\",\"position\":1,\"name\":\"Home\",\"item\":\"https:\\\/\\\/ak47design.com\\\/\"},{\"@type\":\"ListItem\",\"position\":2,\"name\":\"Home\"}]},{\"@type\":\"WebSite\",\"@id\":\"https:\\\/\\\/ak47design.com\\\/#website\",\"url\":\"https:\\\/\\\/ak47design.com\\\/\",\"name\":\"Ak47 Design\",\"description\":\"Bracieri per esterno \u2013 Arredi contemporanei Made in Italy\",\"potentialAction\":[{\"@type\":\"SearchAction\",\"target\":{\"@type\":\"EntryPoint\",\"urlTemplate\":\"https:\\\/\\\/ak47design.com\\\/?s={search_term_string}\"},\"query-input\":{\"@type\":\"PropertyValueSpecification\",\"valueRequired\":true,\"valueName\":\"search_term_string\"}}],\"inLanguage\":\"it-IT\"}]}<\/script>\n<!-- \/ Yoast SEO plugin. -->","yoast_head_json":{"title":"Bracieri per esterno \u2013 Arredi contemporanei Made in Italy","description":"Ak47 Design \u00e8 l'azienda di riferimento per chi cerca il meglio dei bracieri da esterno design made in Italy.","robots":{"index":"index","follow":"follow","max-snippet":"max-snippet:-1","max-image-preview":"max-image-preview:large","max-video-preview":"max-video-preview:-1"},"canonical":"https:\/\/ak47design.com\/it\/home-2\/","og_locale":"it_IT","og_type":"article","og_title":"Bracieri per esterno \u2013 Arredi contemporanei Made in Italy","og_description":"Ak47 Design \u00e8 l'azienda di riferimento per chi cerca il meglio dei bracieri da esterno design made in Italy.","og_url":"https:\/\/ak47design.com\/it\/home-2\/","og_site_name":"Ak47 Design","article_modified_time":"2025-10-24T15:21:42+00:00","twitter_misc":{"Est. reading time":"1 minute"},"schema":{"@context":"https:\/\/schema.org","@graph":[{"@type":"WebPage","@id":"https:\/\/ak47design.com\/it\/home-2\/","url":"https:\/\/ak47design.com\/it\/home-2\/","name":"Bracieri per esterno \u2013 Arredi contemporanei Made in Italy","isPartOf":{"@id":"https:\/\/ak47design.com\/#website"},"datePublished":"2015-06-16T09:57:37+00:00","dateModified":"2025-10-24T15:21:42+00:00","description":"Ak47 Design \u00e8 l'azienda di riferimento per chi cerca il meglio dei bracieri da esterno design made in Italy.","breadcrumb":{"@id":"https:\/\/ak47design.com\/it\/home-2\/#breadcrumb"},"inLanguage":"it-IT","potentialAction":[{"@type":"ReadAction","target":["https:\/\/ak47design.com\/it\/home-2\/"]}]},{"@type":"BreadcrumbList","@id":"https:\/\/ak47design.com\/it\/home-2\/#breadcrumb","itemListElement":[{"@type":"ListItem","position":1,"name":"Home","item":"https:\/\/ak47design.com\/"},{"@type":"ListItem","position":2,"name":"Home"}]},{"@type":"WebSite","@id":"https:\/\/ak47design.com\/#website","url":"https:\/\/ak47design.com\/","name":"Ak47 Design","description":"Bracieri per esterno \u2013 Arredi contemporanei Made in Italy","potentialAction":[{"@type":"SearchAction","target":{"@type":"EntryPoint","urlTemplate":"https:\/\/ak47design.com\/?s={search_term_string}"},"query-input":{"@type":"PropertyValueSpecification","valueRequired":true,"valueName":"search_term_string"}}],"inLanguage":"it-IT"}]}},"_links":{"self":[{"href":"https:\/\/ak47design.com\/it\/wp-json\/wp\/v2\/pages\/1955","targetHints":{"allow":["GET"]}}],"collection":[{"href":"https:\/\/ak47design.com\/it\/wp-json\/wp\/v2\/pages"}],"about":[{"href":"https:\/\/ak47design.com\/it\/wp-json\/wp\/v2\/types\/page"}],"author":[{"embeddable":true,"href":"https:\/\/ak47design.com\/it\/wp-json\/wp\/v2\/users\/2"}],"replies":[{"embeddable":true,"href":"https:\/\/ak47design.com\/it\/wp-json\/wp\/v2\/comments?post=1955"}],"version-history":[{"count":8,"href":"https:\/\/ak47design.com\/it\/wp-json\/wp\/v2\/pages\/1955\/revisions"}],"predecessor-version":[{"id":5017,"href":"https:\/\/ak47design.com\/it\/wp-json\/wp\/v2\/pages\/1955\/revisions\/5017"}],"wp:attachment":[{"href":"https:\/\/ak47design.com\/it\/wp-json\/wp\/v2\/media?parent=1955"}],"curies":[{"name":"wp","href":"https:\/\/api.w.org\/{rel}","templated":true}]}}